{"id":12,"date":"2026-04-28T02:38:39","date_gmt":"2026-04-28T02:38:39","guid":{"rendered":"http:\/\/henkoketo.com.ar\/v1\/?page_id=12"},"modified":"2026-04-28T20:28:04","modified_gmt":"2026-04-28T20:28:04","slug":"home","status":"publish","type":"page","link":"https:\/\/henkoketo.com.ar\/v1\/","title":{"rendered":"Home"},"content":{"rendered":"\n<figure class=\"wp-block-image aligncenter size-large ocultar-en-movil\"><a href=\"http:\/\/henkoketo.com.ar\/v1\/wp-content\/uploads\/2026\/04\/BANNER-HENKO-1.png\"><img loading=\"lazy\" decoding=\"async\" width=\"1024\" height=\"160\" src=\"http:\/\/henkoketo.com.ar\/v1\/wp-content\/uploads\/2026\/04\/BANNER-HENKO-1-1024x160.png\" alt=\"\" class=\"wp-image-14\" srcset=\"https:\/\/henkoketo.com.ar\/v1\/wp-content\/uploads\/2026\/04\/BANNER-HENKO-1-1024x160.png 1024w, https:\/\/henkoketo.com.ar\/v1\/wp-content\/uploads\/2026\/04\/BANNER-HENKO-1-600x94.png 600w, https:\/\/henkoketo.com.ar\/v1\/wp-content\/uploads\/2026\/04\/BANNER-HENKO-1-300x47.png 300w, https:\/\/henkoketo.com.ar\/v1\/wp-content\/uploads\/2026\/04\/BANNER-HENKO-1-768x120.png 768w, https:\/\/henkoketo.com.ar\/v1\/wp-content\/uploads\/2026\/04\/BANNER-HENKO-1-1536x240.png 1536w, https:\/\/henkoketo.com.ar\/v1\/wp-content\/uploads\/2026\/04\/BANNER-HENKO-1.png 1920w\" sizes=\"auto, (max-width: 1024px) 100vw, 1024px\" \/><\/a><\/figure>\n\n\n\n<figure class=\"wp-block-image aligncenter size-large ocultar-en-pc\" style=\"margin-top:-40px;margin-bottom:-40px\"><a href=\"http:\/\/henkoketo.com.ar\/v1\/wp-content\/uploads\/2026\/04\/Diseno-sin-titulo-4-1.png\"><img loading=\"lazy\" decoding=\"async\" width=\"1024\" height=\"725\" src=\"http:\/\/henkoketo.com.ar\/v1\/wp-content\/uploads\/2026\/04\/Diseno-sin-titulo-4-1-e1777404375425-1024x725.png\" alt=\"\" class=\"wp-image-53\" srcset=\"https:\/\/henkoketo.com.ar\/v1\/wp-content\/uploads\/2026\/04\/Diseno-sin-titulo-4-1-e1777404375425-1024x725.png 1024w, https:\/\/henkoketo.com.ar\/v1\/wp-content\/uploads\/2026\/04\/Diseno-sin-titulo-4-1-e1777404375425-300x213.png 300w, https:\/\/henkoketo.com.ar\/v1\/wp-content\/uploads\/2026\/04\/Diseno-sin-titulo-4-1-e1777404375425-768x544.png 768w, https:\/\/henkoketo.com.ar\/v1\/wp-content\/uploads\/2026\/04\/Diseno-sin-titulo-4-1-e1777404375425-600x425.png 600w, https:\/\/henkoketo.com.ar\/v1\/wp-content\/uploads\/2026\/04\/Diseno-sin-titulo-4-1-e1777404375425.png 1080w\" sizes=\"auto, (max-width: 1024px) 100vw, 1024px\" \/><\/a><\/figure>\n\n\n\n<figure class=\"wp-block-pullquote has-medium-font-size\" style=\"margin-top:0;margin-bottom:0;padding-top:0;padding-right:0;padding-bottom:0;padding-left:0\"><blockquote><p>Henko es una palabra japonesa que significa cambio transformador. <em>Henko<\/em> se refiere a una mutaci\u00f3n donde no hay vuelta atr\u00e1s. Es un proceso de evoluci\u00f3n que te convierte en una versi\u00f3n mejorada de vos misma.<br>En Henko Keto, te acompa\u00f1amos en tu propia evoluci\u00f3n hacia una vida m\u00e1s saludable, demostr\u00e1ndote que transformarte nunca fue tan rico.<\/p><\/blockquote><\/figure>\n\n\n\n<div class=\"wp-block-media-text is-stacked-on-mobile\" style=\"border-top-left-radius:0px;border-top-right-radius:0px;border-bottom-left-radius:0px;border-bottom-right-radius:0px;padding-top:0;padding-bottom:0;grid-template-columns:35% auto\"><figure class=\"wp-block-media-text__media\"><img loading=\"lazy\" decoding=\"async\" width=\"1024\" height=\"1024\" src=\"http:\/\/henkoketo.com.ar\/v1\/wp-content\/uploads\/2026\/04\/HENKO-LOGO-6-1024x1024.png\" alt=\"\" class=\"wp-image-74 size-full\" srcset=\"https:\/\/henkoketo.com.ar\/v1\/wp-content\/uploads\/2026\/04\/HENKO-LOGO-6-1024x1024.png 1024w, https:\/\/henkoketo.com.ar\/v1\/wp-content\/uploads\/2026\/04\/HENKO-LOGO-6-300x300.png 300w, https:\/\/henkoketo.com.ar\/v1\/wp-content\/uploads\/2026\/04\/HENKO-LOGO-6-150x150.png 150w, https:\/\/henkoketo.com.ar\/v1\/wp-content\/uploads\/2026\/04\/HENKO-LOGO-6-768x768.png 768w, https:\/\/henkoketo.com.ar\/v1\/wp-content\/uploads\/2026\/04\/HENKO-LOGO-6-1536x1536.png 1536w, https:\/\/henkoketo.com.ar\/v1\/wp-content\/uploads\/2026\/04\/HENKO-LOGO-6-600x600.png 600w, https:\/\/henkoketo.com.ar\/v1\/wp-content\/uploads\/2026\/04\/HENKO-LOGO-6-100x100.png 100w, https:\/\/henkoketo.com.ar\/v1\/wp-content\/uploads\/2026\/04\/HENKO-LOGO-6.png 2000w\" sizes=\"auto, (max-width: 1024px) 100vw, 1024px\" \/><\/figure><div class=\"wp-block-media-text__content\">\n<p><strong>\u00a1Hola! Soy Lore Calarco y soy la mujer detr\u00e1s de este hermoso emprendimiento.<\/strong><\/p>\n\n\n\n<p>Henko Keto naci\u00f3 de un profundo cambio personal, una b\u00fasqueda por transformar mis h\u00e1bitos y mi bienestar. Me toc\u00f3 vivir esos momentos donde ya no hay m\u00e1s tiempo, donde el cuerpo grita y pide atenci\u00f3n.<\/p>\n\n\n\n<p>De esa experiencia naci\u00f3 el deseo de ofrecer algo m\u00e1s: productos elaborados con ingredientes reales y de la mejor calidad. Esos que te dan energ\u00eda de verdad, en lugar de solo calmar la ansiedad o un vac\u00edo con alimentos que duran poco e intoxican mucho.<\/p>\n\n\n\n<p><strong>De la tradici\u00f3n a la transformaci\u00f3n<\/strong> Soy mam\u00e1 de tres amores, y entend\u00ed que para poder estar para ellos, primero ten\u00eda que prestarme atenci\u00f3n a m\u00ed misma. Comenc\u00e9 a evaluar toda mi alimentaci\u00f3n y mi forma de trabajar: durante a\u00f1os hice pasteler\u00eda tradicional, y ah\u00ed encontr\u00e9 mi nuevo y hermoso desaf\u00edo.<\/p>\n\n\n\n<p>Decid\u00ed crear todo desde un punto de partida distinto, pero con un objetivo claro: que el resultado sea desbordante de sabor. Para m\u00ed, cocinar es un acto de cuidado. Por eso, en Henko cada receta est\u00e1 pensada para que disfrutes de comer rico mientras nutr\u00eds tu cuerpo, sin harinas refinadas ni az\u00facares, pero con todo el sabor de lo artesanal.<\/p>\n<\/div><\/div>\n\n\n\n<div class=\"wp-block-columns has-ast-global-color-7-background-color has-background is-layout-flex wp-container-core-columns-is-layout-28f84493 wp-block-columns-is-layout-flex\">\n<div class=\"wp-block-column has-ast-global-color-4-background-color has-background is-layout-flow wp-block-column-is-layout-flow\"><style>.wp-block-kadence-column.kb-section-dir-horizontal > .kt-inside-inner-col > .kt-info-box12_d87e8a-01 .kt-blocks-info-box-link-wrap{max-width:unset;}.kt-info-box12_d87e8a-01 .kt-blocks-info-box-link-wrap{background:var(--ast-global-color-7);padding-top:var(--global-kb-spacing-xs, 1rem);padding-right:var(--global-kb-spacing-xs, 1rem);padding-bottom:var(--global-kb-spacing-xs, 1rem);padding-left:var(--global-kb-spacing-xs, 1rem);}.kt-info-box12_d87e8a-01 .kadence-info-box-icon-container .kt-info-svg-icon, .kt-info-box12_d87e8a-01 .kt-info-svg-icon-flip, .kt-info-box12_d87e8a-01 .kt-blocks-info-box-number{font-size:50px;}.kt-info-box12_d87e8a-01 .kt-blocks-info-box-media{border-top-width:0px;border-right-width:0px;border-bottom-width:0px;border-left-width:0px;padding-top:10px;padding-right:10px;padding-bottom:10px;padding-left:10px;}.kt-info-box12_d87e8a-01 .kt-blocks-info-box-media-container{margin-top:0px;margin-right:15px;margin-bottom:0px;margin-left:15px;}.kt-info-box12_d87e8a-01 .kt-blocks-info-box-learnmore{background:transparent;border-width:0px 0px 0px 0px;padding-top:4px;padding-right:8px;padding-bottom:4px;padding-left:8px;margin-top:10px;margin-right:0px;margin-bottom:10px;margin-left:0px;}<\/style>\n<div class=\"wp-block-kadence-infobox kt-info-box12_d87e8a-01\"><span class=\"kt-blocks-info-box-link-wrap info-box-link kt-blocks-info-box-media-align-top kt-info-halign-center\"><div class=\"kt-blocks-info-box-media-container\"><div class=\"kt-blocks-info-box-media kt-info-media-animate-none\"><div class=\"kadence-info-box-icon-container kt-info-icon-animate-none\"><div class=\"kadence-info-box-icon-inner-container\"><span class=\"kb-svg-icon-wrap kb-svg-icon-fas_leaf kt-info-svg-icon\"><svg viewBox=\"0 0 576 512\"  fill=\"currentColor\" xmlns=\"http:\/\/www.w3.org\/2000\/svg\"  aria-hidden=\"true\"><path d=\"M546.2 9.7c-5.6-12.5-21.6-13-28.3-1.2C486.9 62.4 431.4 96 368 96h-80C182 96 96 182 96 288c0 7 .8 13.7 1.5 20.5C161.3 262.8 253.4 224 384 224c8.8 0 16 7.2 16 16s-7.2 16-16 16C132.6 256 26 410.1 2.4 468c-6.6 16.3 1.2 34.9 17.5 41.6 16.4 6.8 35-1.1 41.8-17.3 1.5-3.6 20.9-47.9 71.9-90.6 32.4 43.9 94 85.8 174.9 77.2C465.5 467.5 576 326.7 576 154.3c0-50.2-10.8-102.2-29.8-144.6z\"\/><\/svg><\/span><\/div><\/div><\/div><\/div><div class=\"kt-infobox-textcontent\"><h2 class=\"kt-blocks-info-box-title\">Ingredientes Reales<\/h2><p class=\"kt-blocks-info-box-text\">Elaboramos cada receta con materia prima seleccionada: harina de almendras pura, coco, cacao amargo y aceite de oliva. Sin harinas refinadas ni az\u00facares ocultos<\/p><\/div><\/span><\/div>\n<\/div>\n\n\n\n<div class=\"wp-block-column has-ast-global-color-7-background-color has-background is-layout-flow wp-block-column-is-layout-flow\"><style>.wp-block-kadence-column.kb-section-dir-horizontal > .kt-inside-inner-col > .kt-info-box12_b206ee-8b .kt-blocks-info-box-link-wrap{max-width:unset;}.kt-info-box12_b206ee-8b .kt-blocks-info-box-link-wrap{background:var(--ast-global-color-7);padding-top:var(--global-kb-spacing-xs, 1rem);padding-right:var(--global-kb-spacing-xs, 1rem);padding-bottom:var(--global-kb-spacing-xs, 1rem);padding-left:var(--global-kb-spacing-xs, 1rem);}.kt-info-box12_b206ee-8b .kadence-info-box-icon-container .kt-info-svg-icon, .kt-info-box12_b206ee-8b .kt-info-svg-icon-flip, .kt-info-box12_b206ee-8b .kt-blocks-info-box-number{font-size:50px;}.kt-info-box12_b206ee-8b .kt-blocks-info-box-media{border-top-width:0px;border-right-width:0px;border-bottom-width:0px;border-left-width:0px;padding-top:10px;padding-right:10px;padding-bottom:10px;padding-left:10px;}.kt-info-box12_b206ee-8b .kt-blocks-info-box-media-container{margin-top:0px;margin-right:15px;margin-bottom:0px;margin-left:15px;}.kt-info-box12_b206ee-8b .kt-blocks-info-box-learnmore{background:transparent;border-width:0px 0px 0px 0px;padding-top:4px;padding-right:8px;padding-bottom:4px;padding-left:8px;margin-top:10px;margin-right:0px;margin-bottom:10px;margin-left:0px;}<\/style>\n<div class=\"wp-block-kadence-infobox kt-info-box12_b206ee-8b\"><span class=\"kt-blocks-info-box-link-wrap info-box-link kt-blocks-info-box-media-align-top kt-info-halign-center\"><div class=\"kt-blocks-info-box-media-container\"><div class=\"kt-blocks-info-box-media kt-info-media-animate-none\"><div class=\"kadence-info-box-icon-container kt-info-icon-animate-none\"><div class=\"kadence-info-box-icon-inner-container\"><span class=\"kb-svg-icon-wrap kb-svg-icon-fe_power kt-info-svg-icon\"><svg viewBox=\"0 0 24 24\"  fill=\"none\" stroke=\"currentColor\" stroke-width=\"2\" stroke-linecap=\"round\" stroke-linejoin=\"round\" xmlns=\"http:\/\/www.w3.org\/2000\/svg\"  aria-hidden=\"true\"><path d=\"M18.36 6.64a9 9 0 1 1-12.73 0\"\/><line x1=\"12\" y1=\"2\" x2=\"12\" y2=\"12\"\/><\/svg><\/span><\/div><\/div><\/div><\/div><div class=\"kt-infobox-textcontent\"><h2 class=\"kt-blocks-info-box-title\">Energ\u00eda que Nutre<\/h2><p class=\"kt-blocks-info-box-text\">Dise\u00f1amos alimentos que te dan saciedad real y energ\u00eda estable. Disfrut\u00e1 de lo que com\u00e9s sin picos de ansiedad, cuidando tu cuerpo en cada bocado.<br><br><\/p><\/div><\/span><\/div>\n<\/div>\n\n\n\n<div class=\"wp-block-column is-layout-flow wp-block-column-is-layout-flow\"><style>.wp-block-kadence-column.kb-section-dir-horizontal > .kt-inside-inner-col > .kt-info-box12_5b3d77-72 .kt-blocks-info-box-link-wrap{max-width:unset;}.kt-info-box12_5b3d77-72 .kt-blocks-info-box-link-wrap{background:var(--ast-global-color-7);padding-top:var(--global-kb-spacing-xs, 1rem);padding-right:var(--global-kb-spacing-xs, 1rem);padding-bottom:var(--global-kb-spacing-xs, 1rem);padding-left:var(--global-kb-spacing-xs, 1rem);}.kt-info-box12_5b3d77-72 .kadence-info-box-icon-container .kt-info-svg-icon, .kt-info-box12_5b3d77-72 .kt-info-svg-icon-flip, .kt-info-box12_5b3d77-72 .kt-blocks-info-box-number{font-size:50px;}.kt-info-box12_5b3d77-72 .kt-blocks-info-box-media{border-top-width:0px;border-right-width:0px;border-bottom-width:0px;border-left-width:0px;padding-top:10px;padding-right:10px;padding-bottom:10px;padding-left:10px;}.kt-info-box12_5b3d77-72 .kt-blocks-info-box-media-container{margin-top:0px;margin-right:15px;margin-bottom:0px;margin-left:15px;}.kt-info-box12_5b3d77-72 .kt-blocks-info-box-learnmore{background:transparent;border-width:0px 0px 0px 0px;padding-top:4px;padding-right:8px;padding-bottom:4px;padding-left:8px;margin-top:10px;margin-right:0px;margin-bottom:10px;margin-left:0px;}<\/style>\n<div class=\"wp-block-kadence-infobox kt-info-box12_5b3d77-72\"><span class=\"kt-blocks-info-box-link-wrap info-box-link kt-blocks-info-box-media-align-top kt-info-halign-center\"><div class=\"kt-blocks-info-box-media-container\"><div class=\"kt-blocks-info-box-media kt-info-media-animate-none\"><div class=\"kadence-info-box-icon-container kt-info-icon-animate-none\"><div class=\"kadence-info-box-icon-inner-container\"><span class=\"kb-svg-icon-wrap kb-svg-icon-fas_cookie-bite kt-info-svg-icon\"><svg viewBox=\"0 0 512 512\"  fill=\"currentColor\" xmlns=\"http:\/\/www.w3.org\/2000\/svg\"  aria-hidden=\"true\"><path d=\"M510.52 255.82c-69.97-.85-126.47-57.69-126.47-127.86-70.17 0-127-56.49-127.86-126.45-27.26-4.14-55.13.3-79.72 12.82l-69.13 35.22a132.221 132.221 0 0 0-57.79 57.81l-35.1 68.88a132.645 132.645 0 0 0-12.82 80.95l12.08 76.27a132.521 132.521 0 0 0 37.16 72.96l54.77 54.76a132.036 132.036 0 0 0 72.71 37.06l76.71 12.15c27.51 4.36 55.7-.11 80.53-12.76l69.13-35.21a132.273 132.273 0 0 0 57.79-57.81l35.1-68.88c12.56-24.64 17.01-52.58 12.91-79.91zM176 368c-17.67 0-32-14.33-32-32s14.33-32 32-32 32 14.33 32 32-14.33 32-32 32zm32-160c-17.67 0-32-14.33-32-32s14.33-32 32-32 32 14.33 32 32-14.33 32-32 32zm160 128c-17.67 0-32-14.33-32-32s14.33-32 32-32 32 14.33 32 32-14.33 32-32 32z\"\/><\/svg><\/span><\/div><\/div><\/div><\/div><div class=\"kt-infobox-textcontent\"><h2 class=\"kt-blocks-info-box-title\">Sabor sin Renuncias<\/h2><p class=\"kt-blocks-info-box-text\">Llevamos a\u00f1os de experiencia en pasteler\u00eda tradicional a la cocina saludable. El resultado es un producto artesanal, keto y, por sobre todo, desbordante de sabor.<br><\/p><\/div><\/span><\/div>\n<\/div>\n<\/div>\n","protected":false},"excerpt":{"rendered":"<p>Henko es una palabra japonesa que significa cambio transformador. Henko se refiere a una mutaci\u00f3n donde no hay vuelta atr\u00e1s. [&hellip;]<\/p>\n","protected":false},"author":2,"featured_media":0,"parent":0,"menu_order":0,"comment_status":"closed","ping_status":"closed","template":"","meta":{"site-sidebar-layout":"default","site-content-layout":"","ast-site-content-layout":"default","site-content-style":"default","site-sidebar-style":"default","ast-global-header-display":"","ast-banner-title-visibility":"","ast-main-header-display":"","ast-hfb-above-header-display":"","ast-hfb-below-header-display":"","ast-hfb-mobile-header-display":"","site-post-title":"disabled","ast-breadcrumbs-content":"","ast-featured-img":"","footer-sml-layout":"","ast-disable-related-posts":"","theme-transparent-header-meta":"","adv-header-id-meta":"","stick-header-meta":"","header-above-stick-meta":"","header-main-stick-meta":"","header-below-stick-meta":"","astra-migrate-meta-layouts":"default","ast-page-background-enabled":"default","ast-page-background-meta":{"desktop":{"background-color":"var(--ast-global-color-5)","background-image":"","background-repeat":"repeat","background-position":"center center","background-size":"auto","background-attachment":"scroll","background-type":"","background-media":"","overlay-type":"","overlay-color":"","overlay-opacity":"","overlay-gradient":""},"tablet":{"background-color":"","background-image":"","background-repeat":"repeat","background-position":"center center","background-size":"auto","background-attachment":"scroll","background-type":"","background-media":"","overlay-type":"","overlay-color":"","overlay-opacity":"","overlay-gradient":""},"mobile":{"background-color":"","background-image":"","background-repeat":"repeat","background-position":"center center","background-size":"auto","background-attachment":"scroll","background-type":"","background-media":"","overlay-type":"","overlay-color":"","overlay-opacity":"","overlay-gradient":""}},"ast-content-background-meta":{"desktop":{"background-color":"var(--ast-global-color-4)","background-image":"","background-repeat":"repeat","background-position":"center center","background-size":"auto","background-attachment":"scroll","background-type":"","background-media":"","overlay-type":"","overlay-color":"","overlay-opacity":"","overlay-gradient":""},"tablet":{"background-color":"var(--ast-global-color-4)","background-image":"","background-repeat":"repeat","background-position":"center center","background-size":"auto","background-attachment":"scroll","background-type":"","background-media":"","overlay-type":"","overlay-color":"","overlay-opacity":"","overlay-gradient":""},"mobile":{"background-color":"var(--ast-global-color-4)","background-image":"","background-repeat":"repeat","background-position":"center center","background-size":"auto","background-attachment":"scroll","background-type":"","background-media":"","overlay-type":"","overlay-color":"","overlay-opacity":"","overlay-gradient":""}},"footnotes":""},"class_list":["post-12","page","type-page","status-publish","hentry"],"_links":{"self":[{"href":"https:\/\/henkoketo.com.ar\/v1\/wp-json\/wp\/v2\/pages\/12","targetHints":{"allow":["GET"]}}],"collection":[{"href":"https:\/\/henkoketo.com.ar\/v1\/wp-json\/wp\/v2\/pages"}],"about":[{"href":"https:\/\/henkoketo.com.ar\/v1\/wp-json\/wp\/v2\/types\/page"}],"author":[{"embeddable":true,"href":"https:\/\/henkoketo.com.ar\/v1\/wp-json\/wp\/v2\/users\/2"}],"replies":[{"embeddable":true,"href":"https:\/\/henkoketo.com.ar\/v1\/wp-json\/wp\/v2\/comments?post=12"}],"version-history":[{"count":26,"href":"https:\/\/henkoketo.com.ar\/v1\/wp-json\/wp\/v2\/pages\/12\/revisions"}],"predecessor-version":[{"id":75,"href":"https:\/\/henkoketo.com.ar\/v1\/wp-json\/wp\/v2\/pages\/12\/revisions\/75"}],"wp:attachment":[{"href":"https:\/\/henkoketo.com.ar\/v1\/wp-json\/wp\/v2\/media?parent=12"}],"curies":[{"name":"wp","href":"https:\/\/api.w.org\/{rel}","templated":true}]}}